{"id":2388,"date":"2022-07-12T14:15:30","date_gmt":"2022-07-12T14:15:30","guid":{"rendered":""},"modified":"2022-07-13T12:55:35","modified_gmt":"2022-07-13T12:55:35","slug":"didicares-browoil","status":"publish","type":"product","link":"https:\/\/didicares.net\/en\/izdelek\/didicares-browoil\/","title":{"rendered":"DidiCares BrowOil"},"content":{"rendered":"<p>[et_pb_section fb_built=&#8221;1&#8243; _builder_version=&#8221;3.22&#8243; custom_padding=&#8221;0px||||false|false&#8221;][et_pb_row _builder_version=&#8221;3.25&#8243; background_size=&#8221;initial&#8221; background_position=&#8221;top_left&#8221; background_repeat=&#8221;repeat&#8221; width=&#8221;100%&#8221; custom_padding=&#8221;0px||0px||false|false&#8221;][et_pb_column type=&#8221;4_4&#8243; _builder_version=&#8221;3.25&#8243; custom_padding=&#8221;|||&#8221; custom_padding__hover=&#8221;|||&#8221;][et_pb_wc_cart_notice _builder_version=&#8221;3.0.47&#8243;][\/et_pb_wc_cart_notice][\/et_pb_column][\/et_pb_row][et_pb_row column_structure=&#8221;1_2,1_2&#8243; _builder_version=&#8221;4.0.6&#8243; background_size=&#8221;initial&#8221; background_position=&#8221;top_left&#8221; background_repeat=&#8221;repeat&#8221; width=&#8221;100%&#8221; custom_padding=&#8221;50px||||false|false&#8221;][et_pb_column type=&#8221;1_2&#8243; _builder_version=&#8221;3.25&#8243; custom_padding=&#8221;|||&#8221; custom_padding__hover=&#8221;|||&#8221;][et_pb_wc_images _builder_version=&#8221;3.0.47&#8243;][\/et_pb_wc_images][\/et_pb_column][et_pb_column type=&#8221;1_2&#8243; _builder_version=&#8221;3.25&#8243; custom_padding=&#8221;|||&#8221; custom_padding__hover=&#8221;|||&#8221;][et_pb_wc_title _builder_version=&#8221;3.0.47&#8243;][\/et_pb_wc_title][et_pb_wc_rating _builder_version=&#8221;3.0.47&#8243;][\/et_pb_wc_rating][et_pb_wc_price _builder_version=&#8221;3.0.47&#8243;][\/et_pb_wc_price][et_pb_wc_description _builder_version=&#8221;3.0.47&#8243;][\/et_pb_wc_description][et_pb_accordion _builder_version=&#8221;4.0.6&#8243; background_color=&#8221;rgba(0,0,0,0)&#8221; border_color_all=&#8221;#ffffff&#8221;][et_pb_accordion_item title=&#8221;Ingredients&#8221; open=&#8221;on&#8221; _builder_version=&#8221;4.0.6&#8243; inline_fonts=&#8221;ddelle&#8221;]Sodium Cocoate, Sodium Olivate, Aqua, Glycerin, Sodium Castorate, Sodium C12-18 Alkyl Sulfate, Charcoal Powder, Citrus Limon Peel Oil, Rosmarinus Officinalis Leaf Oil, Equisetum Arvense Herba, Taraxacum Officinale Root, d-Limonene[\/et_pb_accordion_item][et_pb_accordion_item title=&#8221;Recommended use&#8221; _builder_version=&#8221;4.0.6&#8243; inline_fonts=&#8221;ddelle&#8221; open=&#8221;off&#8221;]<\/p>\n<p>Lather a piece of the shampoo bar over wet hair to make it foamy. Wash the hair and use DidiCares hair oil if needed. Keep the shampoo someplace dry and out of waters reach. Best in the wooden box that comes with the set.<\/p>\n<p>FOR EXTERNAL USE ONLY!<br \/>STORE IN COOL, DRY PLACE!<\/p>\n<p>KEEP OUT OF REACH OF CHILDREN!<\/p>\n<p>[\/et_pb_accordion_item][\/et_pb_accordion][et_pb_wc_add_to_cart _builder_version=&#8221;3.0.47&#8243;][\/et_pb_wc_add_to_cart][\/et_pb_column][\/et_pb_row][\/et_pb_section][et_pb_section fb_built=&#8221;1&#8243; _builder_version=&#8221;4.0.6&#8243; background_color=&#8221;#e8e8e8&#8243; custom_padding=&#8221;||0px|||&#8221; locked=&#8221;off&#8221;][et_pb_row _builder_version=&#8221;4.0.6&#8243;][et_pb_column type=&#8221;4_4&#8243; _builder_version=&#8221;4.0.6&#8243;][et_pb_text _builder_version=&#8221;4.0.6&#8243; text_text_color=&#8221;#b49751&#8243; header_text_color=&#8221;#b49751&#8243; header_2_text_align=&#8221;center&#8221; header_2_text_color=&#8221;#b49751&#8243;]<\/p>\n<h2 style=\"text-align: center;\">CAREFULLY SELECTED INGREDIENTS<\/h2>\n<p>[\/et_pb_text][\/et_pb_column][\/et_pb_row][et_pb_row column_structure=&#8221;1_3,1_3,1_3&#8243; _builder_version=&#8221;4.0.6&#8243;][et_pb_column type=&#8221;1_3&#8243; _builder_version=&#8221;4.0.6&#8243;][et_pb_blurb title=&#8221;Castor Oil&#8221; image=&#8221;https:\/\/didicares.net\/wp-content\/uploads\/2020\/01\/castor-oil.png&#8221; image_max_width=&#8221;100px&#8221; _builder_version=&#8221;4.0.6&#8243; _dynamic_attributes=&#8221;image&#8221; header_text_align=&#8221;center&#8221; header_text_color=&#8221;#b49751&#8243; body_text_align=&#8221;center&#8221; body_text_color=&#8221;#2b2b2b&#8221; text_orientation=&#8221;center&#8221;]<\/p>\n<p style=\"text-align: center;\">Castor oil is rich in important vitamins and minerals, including Vitamin E, making it great for hair and skin care. Castor acids prevent the development of bacteria on the skin. Not only does it protect your hair, castor oil also helps improve hair growth.<\/p>\n<p>[\/et_pb_blurb][\/et_pb_column][et_pb_column type=&#8221;1_3&#8243; _builder_version=&#8221;4.0.6&#8243;][et_pb_blurb title=&#8221;Coconut Oil&#8221; image=&#8221;https:\/\/didicares.net\/wp-content\/uploads\/2020\/01\/beach.png&#8221; image_max_width=&#8221;100px&#8221; _builder_version=&#8221;4.0.6&#8243; _dynamic_attributes=&#8221;image&#8221; header_text_align=&#8221;center&#8221; header_text_color=&#8221;#b49751&#8243; body_text_color=&#8221;#2b2b2b&#8221;]<\/p>\n<p style=\"text-align: center;\">Coconut oil is mainly composed of medium chain fatty acids, so it can penetrate hair much deeper and faster than any other balm. Vitamins and essential fatty acids in the oil nourish the scalp, which will accelerate hair growth.<\/p>\n<p>[\/et_pb_blurb][\/et_pb_column][et_pb_column type=&#8221;1_3&#8243; _builder_version=&#8221;4.0.6&#8243;][et_pb_blurb title=&#8221;Almond Oil&#8221; image=&#8221;https:\/\/didicares.net\/wp-content\/uploads\/2020\/01\/almond.png&#8221; image_max_width=&#8221;100px&#8221; _builder_version=&#8221;4.0.6&#8243; _dynamic_attributes=&#8221;image&#8221; header_text_align=&#8221;center&#8221; header_text_color=&#8221;#b49751&#8243; body_text_align=&#8221;center&#8221; body_text_color=&#8221;#2b2b2b&#8221;]<\/p>\n<p style=\"text-align: center;\">It nourishes and soothes skin irritations and is popular in &#8220;anti-aging&#8221; care and aromatherapy massages. It has an antioxidant effect because it contains a lot of Vitamin E.<\/p>\n<p>[\/et_pb_blurb][\/et_pb_column][\/et_pb_row][et_pb_row column_structure=&#8221;1_3,1_3,1_3&#8243; _builder_version=&#8221;4.0.6&#8243;][et_pb_column type=&#8221;1_3&#8243; _builder_version=&#8221;4.0.6&#8243;][et_pb_blurb title=&#8221;Jojoba Oil&#8221; image=&#8221;https:\/\/didicares.net\/wp-content\/uploads\/2020\/01\/jojoba.png&#8221; image_max_width=&#8221;100px&#8221; _builder_version=&#8221;4.0.6&#8243; _dynamic_attributes=&#8221;image&#8221; header_text_align=&#8221;center&#8221; header_text_color=&#8221;#b49751&#8243; body_text_align=&#8221;center&#8221; body_text_color=&#8221;#2b2b2b&#8221;]<\/p>\n<p style=\"text-align: center;\">Jojoba oil is similar in composition to skin tallow (sebum) produced by our skin &#8211; it absorbs quickly and feels wonderful on the skin. It is also suitable for the care of the most sensitive skin and helps to reduce the excess production of skin fat.<\/p>\n<p>[\/et_pb_blurb][\/et_pb_column][et_pb_column type=&#8221;1_3&#8243; _builder_version=&#8221;4.0.6&#8243;][et_pb_blurb title=&#8221;Olive Oil&#8221; image=&#8221;https:\/\/didicares.net\/wp-content\/uploads\/2020\/01\/olive.png&#8221; image_max_width=&#8221;100px&#8221; _builder_version=&#8221;4.0.6&#8243; _dynamic_attributes=&#8221;image&#8221; header_text_align=&#8221;center&#8221; header_text_color=&#8221;#b49751&#8243; body_text_align=&#8221;center&#8221; body_text_color=&#8221;#2b2b2b&#8221;]<\/p>\n<p style=\"text-align: center;\">Olive oil is much more than just healthy and delicious in the kitchen. It is suitable for the care of irritated skin; it helps to restore rough and cracked epidermis. It can be used to nourish the whole body, often a peeling ingredient, and in hair care it also promotes their growth and provides them with health.<\/p>\n<p>[\/et_pb_blurb][\/et_pb_column][et_pb_column type=&#8221;1_3&#8243; _builder_version=&#8221;4.0.6&#8243;][et_pb_blurb title=&#8221;Vitamin E&#8221; image=&#8221;https:\/\/didicares.net\/wp-content\/uploads\/2020\/01\/food-and-restaurant.png&#8221; image_max_width=&#8221;100px&#8221; _builder_version=&#8221;4.0.6&#8243; _dynamic_attributes=&#8221;image&#8221; header_text_align=&#8221;center&#8221; header_text_color=&#8221;#b49751&#8243; body_text_align=&#8221;center&#8221; body_text_color=&#8221;#2b2b2b&#8221;]<\/p>\n<p style=\"text-align: center;\">Vitamin E plays an important role in cosmetics because it protects fats from oxidation, so we add it to all products containing fat. Vitamin E also has a major effect on our skin. Increases humidity, promotes regeneration processes, reduces negative effects of UV rays, accelerates wound healing and reduces inflammation.<\/p>\n<p>[\/et_pb_blurb][\/et_pb_column][\/et_pb_row][\/et_pb_section][et_pb_section fb_built=&#8221;1&#8243; _builder_version=&#8221;4.0.6&#8243;][et_pb_row _builder_version=&#8221;4.0.6&#8243;][et_pb_column type=&#8221;4_4&#8243; _builder_version=&#8221;4.0.6&#8243;][et_pb_wc_related_products _builder_version=&#8221;3.0.47&#8243;][\/et_pb_wc_related_products][\/et_pb_column][\/et_pb_row][\/et_pb_section]<\/p>\n","protected":false},"excerpt":{"rendered":"<p>Olje za obrvi je namenjeno vsakodnevni uporabi. Olje ko\u017eo nahrani, dla\u010dice pa okrepi. Zaradi svoje edinstvene sestave, ob redni uporabi obrvi vidno zgosti. Uporaba priporo\u010dljiva tudi na laminiranih obrveh. Olje je 100% naravno zato va\u0161e ko\u017ee ne dra\u017ei.<\/p>\n<div class=\"gmail_default\">DON\u2019T LET IT GET INTO YOUR EYES!<br \/>\nFOR EXTERNAL USE ONLY!<\/div>\n<div class=\"gmail_default\">STORE IN COOL AND DRY PLACE!<br \/>\nKEEP IT OUT OF REACH FOR CHILDREN!<\/div>\n","protected":false},"featured_media":2391,"comment_status":"open","ping_status":"closed","template":"","meta":{"_et_pb_use_builder":"on","_et_pb_old_content":"","_et_gb_content_width":""},"product_cat":[40],"product_tag":[],"yoast_head":"<!-- This site is optimized with the Yoast SEO plugin v20.7 - https:\/\/yoast.com\/wordpress\/plugins\/seo\/ -->\n<title>DidiCares BrowOil - DidiCares<\/title>\n<meta name=\"robots\" content=\"index, follow, max-snippet:-1, max-image-preview:large, max-video-preview:-1\" \/>\n<link rel=\"canonical\" href=\"https:\/\/didicares.net\/en\/izdelek\/didicares-browoil\/\" \/>\n<meta property=\"og:locale\" content=\"en_US\" \/>\n<meta property=\"og:type\" content=\"article\" \/>\n<meta property=\"og:title\" content=\"DidiCares BrowOil - DidiCares\" \/>\n<meta property=\"og:description\" content=\"Olje za obrvi je namenjeno vsakodnevni uporabi. Olje ko\u017eo nahrani, dla\u010dice pa okrepi. Zaradi svoje edinstvene sestave, ob redni uporabi obrvi vidno zgosti. Uporaba priporo\u010dljiva tudi na laminiranih obrveh. Olje je 100% naravno zato va\u0161e ko\u017ee ne dra\u017ei. DON\u2019T LET IT GET INTO YOUR EYES! FOR EXTERNAL USE ONLY! STORE IN COOL AND DRY PLACE! KEEP IT OUT OF REACH FOR CHILDREN!\" \/>\n<meta property=\"og:url\" content=\"https:\/\/didicares.net\/en\/izdelek\/didicares-browoil\/\" \/>\n<meta property=\"og:site_name\" content=\"DidiCares\" \/>\n<meta property=\"article:modified_time\" content=\"2022-07-13T12:55:35+00:00\" \/>\n<meta property=\"og:image\" content=\"https:\/\/didicares.net\/wp-content\/uploads\/2022\/07\/brow-oil.jpg\" \/>\n\t<meta property=\"og:image:width\" content=\"1512\" \/>\n\t<meta property=\"og:image:height\" content=\"2016\" \/>\n\t<meta property=\"og:image:type\" content=\"image\/jpeg\" \/>\n<meta name=\"twitter:card\" content=\"summary_large_image\" \/>\n<meta name=\"twitter:label1\" content=\"Est. reading time\" \/>\n\t<meta name=\"twitter:data1\" content=\"5 minutes\" \/>\n<script type=\"application\/ld+json\" class=\"yoast-schema-graph\">{\"@context\":\"https:\/\/schema.org\",\"@graph\":[{\"@type\":\"WebPage\",\"@id\":\"https:\/\/didicares.net\/en\/izdelek\/didicares-browoil\/\",\"url\":\"https:\/\/didicares.net\/en\/izdelek\/didicares-browoil\/\",\"name\":\"DidiCares BrowOil - DidiCares\",\"isPartOf\":{\"@id\":\"https:\/\/didicares.net\/#website\"},\"datePublished\":\"2022-07-12T14:15:30+00:00\",\"dateModified\":\"2022-07-13T12:55:35+00:00\",\"breadcrumb\":{\"@id\":\"https:\/\/didicares.net\/en\/izdelek\/didicares-browoil\/#breadcrumb\"},\"inLanguage\":\"en-US\",\"potentialAction\":[{\"@type\":\"ReadAction\",\"target\":[\"https:\/\/didicares.net\/en\/izdelek\/didicares-browoil\/\"]}]},{\"@type\":\"BreadcrumbList\",\"@id\":\"https:\/\/didicares.net\/en\/izdelek\/didicares-browoil\/#breadcrumb\",\"itemListElement\":[{\"@type\":\"ListItem\",\"position\":1,\"name\":\"Home\",\"item\":\"https:\/\/didicares.net\/en\/\"},{\"@type\":\"ListItem\",\"position\":2,\"name\":\"Products\",\"item\":\"https:\/\/didicares.net\/en\/products\/\"},{\"@type\":\"ListItem\",\"position\":3,\"name\":\"DidiCares BrowOil\"}]},{\"@type\":\"WebSite\",\"@id\":\"https:\/\/didicares.net\/#website\",\"url\":\"https:\/\/didicares.net\/\",\"name\":\"DidiCares\",\"description\":\"DidiCares\",\"publisher\":{\"@id\":\"https:\/\/didicares.net\/#organization\"},\"potentialAction\":[{\"@type\":\"SearchAction\",\"target\":{\"@type\":\"EntryPoint\",\"urlTemplate\":\"https:\/\/didicares.net\/?s={search_term_string}\"},\"query-input\":\"required name=search_term_string\"}],\"inLanguage\":\"en-US\"},{\"@type\":\"Organization\",\"@id\":\"https:\/\/didicares.net\/#organization\",\"name\":\"DidiCares\",\"url\":\"https:\/\/didicares.net\/\",\"logo\":{\"@type\":\"ImageObject\",\"inLanguage\":\"en-US\",\"@id\":\"https:\/\/didicares.net\/#\/schema\/logo\/image\/\",\"url\":\"https:\/\/didicares.net\/wp-content\/uploads\/2020\/05\/Logo_gold-no-hair-oil.png\",\"contentUrl\":\"https:\/\/didicares.net\/wp-content\/uploads\/2020\/05\/Logo_gold-no-hair-oil.png\",\"width\":1182,\"height\":1182,\"caption\":\"DidiCares\"},\"image\":{\"@id\":\"https:\/\/didicares.net\/#\/schema\/logo\/image\/\"}}]}<\/script>\n<!-- \/ Yoast SEO plugin. -->","yoast_head_json":{"title":"DidiCares BrowOil - DidiCares","robots":{"index":"index","follow":"follow","max-snippet":"max-snippet:-1","max-image-preview":"max-image-preview:large","max-video-preview":"max-video-preview:-1"},"canonical":"https:\/\/didicares.net\/en\/izdelek\/didicares-browoil\/","og_locale":"en_US","og_type":"article","og_title":"DidiCares BrowOil - DidiCares","og_description":"Olje za obrvi je namenjeno vsakodnevni uporabi. Olje ko\u017eo nahrani, dla\u010dice pa okrepi. Zaradi svoje edinstvene sestave, ob redni uporabi obrvi vidno zgosti. Uporaba priporo\u010dljiva tudi na laminiranih obrveh. Olje je 100% naravno zato va\u0161e ko\u017ee ne dra\u017ei. DON\u2019T LET IT GET INTO YOUR EYES! FOR EXTERNAL USE ONLY! STORE IN COOL AND DRY PLACE! KEEP IT OUT OF REACH FOR CHILDREN!","og_url":"https:\/\/didicares.net\/en\/izdelek\/didicares-browoil\/","og_site_name":"DidiCares","article_modified_time":"2022-07-13T12:55:35+00:00","og_image":[{"width":1512,"height":2016,"url":"https:\/\/didicares.net\/wp-content\/uploads\/2022\/07\/brow-oil.jpg","type":"image\/jpeg"}],"twitter_card":"summary_large_image","twitter_misc":{"Est. reading time":"5 minutes"},"schema":{"@context":"https:\/\/schema.org","@graph":[{"@type":"WebPage","@id":"https:\/\/didicares.net\/en\/izdelek\/didicares-browoil\/","url":"https:\/\/didicares.net\/en\/izdelek\/didicares-browoil\/","name":"DidiCares BrowOil - DidiCares","isPartOf":{"@id":"https:\/\/didicares.net\/#website"},"datePublished":"2022-07-12T14:15:30+00:00","dateModified":"2022-07-13T12:55:35+00:00","breadcrumb":{"@id":"https:\/\/didicares.net\/en\/izdelek\/didicares-browoil\/#breadcrumb"},"inLanguage":"en-US","potentialAction":[{"@type":"ReadAction","target":["https:\/\/didicares.net\/en\/izdelek\/didicares-browoil\/"]}]},{"@type":"BreadcrumbList","@id":"https:\/\/didicares.net\/en\/izdelek\/didicares-browoil\/#breadcrumb","itemListElement":[{"@type":"ListItem","position":1,"name":"Home","item":"https:\/\/didicares.net\/en\/"},{"@type":"ListItem","position":2,"name":"Products","item":"https:\/\/didicares.net\/en\/products\/"},{"@type":"ListItem","position":3,"name":"DidiCares BrowOil"}]},{"@type":"WebSite","@id":"https:\/\/didicares.net\/#website","url":"https:\/\/didicares.net\/","name":"DidiCares","description":"DidiCares","publisher":{"@id":"https:\/\/didicares.net\/#organization"},"potentialAction":[{"@type":"SearchAction","target":{"@type":"EntryPoint","urlTemplate":"https:\/\/didicares.net\/?s={search_term_string}"},"query-input":"required name=search_term_string"}],"inLanguage":"en-US"},{"@type":"Organization","@id":"https:\/\/didicares.net\/#organization","name":"DidiCares","url":"https:\/\/didicares.net\/","logo":{"@type":"ImageObject","inLanguage":"en-US","@id":"https:\/\/didicares.net\/#\/schema\/logo\/image\/","url":"https:\/\/didicares.net\/wp-content\/uploads\/2020\/05\/Logo_gold-no-hair-oil.png","contentUrl":"https:\/\/didicares.net\/wp-content\/uploads\/2020\/05\/Logo_gold-no-hair-oil.png","width":1182,"height":1182,"caption":"DidiCares"},"image":{"@id":"https:\/\/didicares.net\/#\/schema\/logo\/image\/"}}]}},"_links":{"self":[{"href":"https:\/\/didicares.net\/en\/wp-json\/wp\/v2\/product\/2388"}],"collection":[{"href":"https:\/\/didicares.net\/en\/wp-json\/wp\/v2\/product"}],"about":[{"href":"https:\/\/didicares.net\/en\/wp-json\/wp\/v2\/types\/product"}],"replies":[{"embeddable":true,"href":"https:\/\/didicares.net\/en\/wp-json\/wp\/v2\/comments?post=2388"}],"wp:featuredmedia":[{"embeddable":true,"href":"https:\/\/didicares.net\/en\/wp-json\/wp\/v2\/media\/2391"}],"wp:attachment":[{"href":"https:\/\/didicares.net\/en\/wp-json\/wp\/v2\/media?parent=2388"}],"wp:term":[{"taxonomy":"product_cat","embeddable":true,"href":"https:\/\/didicares.net\/en\/wp-json\/wp\/v2\/product_cat?post=2388"},{"taxonomy":"product_tag","embeddable":true,"href":"https:\/\/didicares.net\/en\/wp-json\/wp\/v2\/product_tag?post=2388"}],"curies":[{"name":"wp","href":"https:\/\/api.w.org\/{rel}","templated":true}]}}